{"id":1981,"date":"2024-01-29T10:34:14","date_gmt":"2024-01-29T08:34:14","guid":{"rendered":"https:\/\/allendesalazar.eus\/conocenos\/proyectos\/"},"modified":"2025-01-07T14:34:03","modified_gmt":"2025-01-07T12:34:03","slug":"proyectos","status":"publish","type":"page","link":"https:\/\/allendesalazar.eus\/es\/conocenos\/proyectos\/","title":{"rendered":"Proyectos"},"content":{"rendered":"<p>Allende Salazar est\u00e1 inmersa en diferentes proyectos en los \u00faltimos a\u00f1os. Estos proyectos marcan el rumbo de la escuela y permiten que \u00e9sta est\u00e9 integrada en diferentes innovaciones.<\/p>\n<p>Divididos en diferentes grupos de trabajo, la colaboraci\u00f3n del profesorado y de los padres y madres es estrecha, teniendo claro que el objetivo de la comunidad escolar va en una \u00fanica direcci\u00f3n: que el proceso educativo de nuestro alumnado sea lo m\u00e1s significativo posible.<\/p>\n","protected":false},"excerpt":{"rendered":"<p>Allende Salazar est\u00e1 inmersa en diferentes proyectos en los \u00faltimos a\u00f1os. Estos proyectos marcan el rumbo de la escuela y permiten que \u00e9sta est\u00e9 [&hellip;]<\/p>\n","protected":false},"author":1,"featured_media":80,"parent":1793,"menu_order":22,"comment_status":"closed","ping_status":"closed","template":"page-proiektuak.php","meta":{"_acf_changed":false,"inline_featured_image":false,"footnotes":""},"class_list":["post-1981","page","type-page","status-publish","has-post-thumbnail","hentry"],"acf":[],"_links":{"self":[{"href":"https:\/\/allendesalazar.eus\/es\/wp-json\/wp\/v2\/pages\/1981","targetHints":{"allow":["GET"]}}],"collection":[{"href":"https:\/\/allendesalazar.eus\/es\/wp-json\/wp\/v2\/pages"}],"about":[{"href":"https:\/\/allendesalazar.eus\/es\/wp-json\/wp\/v2\/types\/page"}],"author":[{"embeddable":true,"href":"https:\/\/allendesalazar.eus\/es\/wp-json\/wp\/v2\/users\/1"}],"replies":[{"embeddable":true,"href":"https:\/\/allendesalazar.eus\/es\/wp-json\/wp\/v2\/comments?post=1981"}],"version-history":[{"count":2,"href":"https:\/\/allendesalazar.eus\/es\/wp-json\/wp\/v2\/pages\/1981\/revisions"}],"predecessor-version":[{"id":3966,"href":"https:\/\/allendesalazar.eus\/es\/wp-json\/wp\/v2\/pages\/1981\/revisions\/3966"}],"up":[{"embeddable":true,"href":"https:\/\/allendesalazar.eus\/es\/wp-json\/wp\/v2\/pages\/1793"}],"wp:featuredmedia":[{"embeddable":true,"href":"https:\/\/allendesalazar.eus\/es\/wp-json\/wp\/v2\/media\/80"}],"wp:attachment":[{"href":"https:\/\/allendesalazar.eus\/es\/wp-json\/wp\/v2\/media?parent=1981"}],"curies":[{"name":"wp","href":"https:\/\/api.w.org\/{rel}","templated":true}]}}